{"id":38,"date":"2025-07-16T16:32:40","date_gmt":"2025-07-16T14:32:40","guid":{"rendered":"https:\/\/travmer.pl\/?page_id=38"},"modified":"2025-10-02T10:06:56","modified_gmt":"2025-10-02T08:06:56","slug":"producent-workow-do-segregacji-smieci-worki-na-odpady","status":"publish","type":"page","link":"https:\/\/travmer.pl\/","title":{"rendered":"TRAVMER"},"content":{"rendered":"\t\t<div data-elementor-type=\"wp-post\" data-elementor-id=\"38\" class=\"elementor elementor-38\">\n\t\t\t\t<div class=\"elementor-element elementor-element-77857e2b e-con-full e-flex e-con e-parent\" data-id=\"77857e2b\" data-element_type=\"container\" data-settings=\"{&quot;background_background&quot;:&quot;gradient&quot;}\">\n\t\t\t\t<div class=\"elementor-element elementor-element-2d2f5f4 elementor-widget elementor-widget-image\" data-id=\"2d2f5f4\" data-element_type=\"widget\" data-widget_type=\"image.default\">\n\t\t\t\t\t\t\t\t\t\t\t\t\t\t\t<img fetchpriority=\"high\" decoding=\"async\" width=\"2268\" height=\"886\" src=\"https:\/\/travmer.pl\/wp-content\/uploads\/2025\/10\/TM-baner-FB-5.jpg\" class=\"attachment-full size-full wp-image-90\" alt=\"\" srcset=\"https:\/\/travmer.pl\/wp-content\/uploads\/2025\/10\/TM-baner-FB-5.jpg 2268w, https:\/\/travmer.pl\/wp-content\/uploads\/2025\/10\/TM-baner-FB-5-300x117.jpg 300w, https:\/\/travmer.pl\/wp-content\/uploads\/2025\/10\/TM-baner-FB-5-1024x400.jpg 1024w, https:\/\/travmer.pl\/wp-content\/uploads\/2025\/10\/TM-baner-FB-5-768x300.jpg 768w, https:\/\/travmer.pl\/wp-content\/uploads\/2025\/10\/TM-baner-FB-5-1536x600.jpg 1536w, https:\/\/travmer.pl\/wp-content\/uploads\/2025\/10\/TM-baner-FB-5-2048x800.jpg 2048w\" sizes=\"(max-width: 2268px) 100vw, 2268px\" \/>\t\t\t\t\t\t\t\t\t\t\t\t\t\t\t<\/div>\n\t\t\t\t<\/div>\n\t\t<div class=\"elementor-element elementor-element-7e7a5f46 e-flex e-con-boxed e-con e-parent\" data-id=\"7e7a5f46\" data-element_type=\"container\">\n\t\t\t\t\t<div class=\"e-con-inner\">\n\t\t\t\t<div class=\"elementor-element elementor-element-2e6744a1 elementor-widget elementor-widget-elementskit-heading\" data-id=\"2e6744a1\" data-element_type=\"widget\" data-widget_type=\"elementskit-heading.default\">\n\t\t\t\t\t<div class=\"ekit-wid-con\" ><div class=\"ekit-heading elementskit-section-title-wraper text_center   ekit_heading_tablet-   ekit_heading_mobile-\"><h2 class=\"ekit-heading--title elementskit-section-title \">ZAPRASZAMY DO KONTAKTU<\/h2>\t\t\t\t<div class='ekit-heading__description'>\n\t\t\t\t\t<p>Ch\u0119tnie odpowiemy na wszystkie pytania.<\/p>\n\t\t\t\t<\/div>\n\t\t\t<\/div><\/div>\t\t\t\t<\/div>\n\t\t<div class=\"elementor-element elementor-element-533b0dc7 e-con-full e-flex e-con e-child\" data-id=\"533b0dc7\" data-element_type=\"container\">\n\t\t<div class=\"elementor-element elementor-element-36b2f07f e-con-full e-flex e-con e-child\" data-id=\"36b2f07f\" data-element_type=\"container\" data-settings=\"{&quot;background_background&quot;:&quot;classic&quot;}\">\n\t\t\t\t<div class=\"elementor-element elementor-element-1b668f9d ekit-equal-height-disable elementor-widget elementor-widget-elementskit-icon-box\" data-id=\"1b668f9d\" data-element_type=\"widget\" data-widget_type=\"elementskit-icon-box.default\">\n\t\t\t\t\t<div class=\"ekit-wid-con\" >        <!-- link opening -->\n                <a href=\"#\" class=\"ekit_global_links\">\n                <!-- end link opening -->\n\n        <div class=\"elementskit-infobox text-center text- icon-top-align elementor-animation-   \">\n                    <div class=\"elementskit-box-header elementor-animation-\">\n                <div class=\"elementskit-info-box-icon  \">\n                    <i aria-hidden=\"true\" class=\"elementkit-infobox-icon icon icon-envelope3\"><\/i>\n                <\/div>\n          <\/div>\n                        <div class=\"box-body\">\n                            <h3 class=\"elementskit-info-box-title\">\n                    NAPISZ DO NAS                <\/h3>\n                                            <\/div>\n        \n        \n                <\/div>\n                <\/a>\n        <\/div>\t\t\t\t<\/div>\n\t\t\t\t<div class=\"elementor-element elementor-element-72ad25b3 elementor-view-default elementor-widget elementor-widget-icon\" data-id=\"72ad25b3\" data-element_type=\"widget\" data-widget_type=\"icon.default\">\n\t\t\t\t\t\t\t<div class=\"elementor-icon-wrapper\">\n\t\t\t<div class=\"elementor-icon\">\n\t\t\t<i aria-hidden=\"true\" class=\"icon icon-minus\"><\/i>\t\t\t<\/div>\n\t\t<\/div>\n\t\t\t\t\t\t<\/div>\n\t\t\t\t<div class=\"elementor-element elementor-element-790f10c1 elementor-align-center elementor-widget elementor-widget-elementskit-button\" data-id=\"790f10c1\" data-element_type=\"widget\" data-widget_type=\"elementskit-button.default\">\n\t\t\t\t\t<div class=\"ekit-wid-con\" >\t\t<div class=\"ekit-btn-wraper\">\n\t\t\t\t\t\t\t<a href=\"mailto:biuro@travmer.pl\" class=\"elementskit-btn  whitespace--normal\" id=\"\">\n\t\t\t\t\tbiuro@travmer.pl\t\t\t\t<\/a>\n\t\t\t\t\t<\/div>\n        <\/div>\t\t\t\t<\/div>\n\t\t\t\t<\/div>\n\t\t<div class=\"elementor-element elementor-element-4329b70c e-con-full e-flex e-con e-child\" data-id=\"4329b70c\" data-element_type=\"container\" data-settings=\"{&quot;background_background&quot;:&quot;classic&quot;}\">\n\t\t\t\t<div class=\"elementor-element elementor-element-7b03926a ekit-equal-height-disable elementor-widget elementor-widget-elementskit-icon-box\" data-id=\"7b03926a\" data-element_type=\"widget\" data-widget_type=\"elementskit-icon-box.default\">\n\t\t\t\t\t<div class=\"ekit-wid-con\" >        <!-- link opening -->\n                <a href=\"#\" class=\"ekit_global_links\">\n                <!-- end link opening -->\n\n        <div class=\"elementskit-infobox text-center text- icon-top-align elementor-animation-   \">\n                    <div class=\"elementskit-box-header elementor-animation-\">\n                <div class=\"elementskit-info-box-icon  \">\n                    <i aria-hidden=\"true\" class=\"elementkit-infobox-icon icon icon-phone-call1\"><\/i>\n                <\/div>\n          <\/div>\n                        <div class=\"box-body\">\n                            <h3 class=\"elementskit-info-box-title\">\n                    ZADZWO\u0143                <\/h3>\n                                            <\/div>\n        \n        \n                <\/div>\n                <\/a>\n        <\/div>\t\t\t\t<\/div>\n\t\t\t\t<div class=\"elementor-element elementor-element-293b09aa elementor-view-default elementor-widget elementor-widget-icon\" data-id=\"293b09aa\" data-element_type=\"widget\" data-widget_type=\"icon.default\">\n\t\t\t\t\t\t\t<div class=\"elementor-icon-wrapper\">\n\t\t\t<div class=\"elementor-icon\">\n\t\t\t<i aria-hidden=\"true\" class=\"icon icon-minus\"><\/i>\t\t\t<\/div>\n\t\t<\/div>\n\t\t\t\t\t\t<\/div>\n\t\t\t\t<div class=\"elementor-element elementor-element-1a91b7a6 elementor-widget elementor-widget-elementskit-heading\" data-id=\"1a91b7a6\" data-element_type=\"widget\" data-widget_type=\"elementskit-heading.default\">\n\t\t\t\t\t<div class=\"ekit-wid-con\" ><div class=\"ekit-heading elementskit-section-title-wraper text_center   ekit_heading_tablet-   ekit_heading_mobile-\"><a href=\"tel:+48500550245\"><h2 class=\"ekit-heading--title elementskit-section-title \">+48 500 550 245<\/h2><\/a><\/div><\/div>\t\t\t\t<\/div>\n\t\t\t\t<div class=\"elementor-element elementor-element-6ab9c500 elementor-align-center elementor-widget elementor-widget-elementskit-button\" data-id=\"6ab9c500\" data-element_type=\"widget\" data-widget_type=\"elementskit-button.default\">\n\t\t\t\t\t<div class=\"ekit-wid-con\" >\t\t<div class=\"ekit-btn-wraper\">\n\t\t\t\t\t\t\t<a href=\"tel:+485604335668\" class=\"elementskit-btn  whitespace--normal\" id=\"\">\n\t\t\t\t\t+48 604 335 668\t\t\t\t<\/a>\n\t\t\t\t\t<\/div>\n        <\/div>\t\t\t\t<\/div>\n\t\t\t\t<\/div>\n\t\t\t\t<\/div>\n\t\t\t\t\t<\/div>\n\t\t\t\t<\/div>\n\t\t<div class=\"elementor-element elementor-element-7f5849ce e-grid e-con-boxed e-con e-parent\" data-id=\"7f5849ce\" data-element_type=\"container\">\n\t\t\t\t\t<div class=\"e-con-inner\">\n\t\t<div class=\"elementor-element elementor-element-591ce764 e-con-full e-flex e-con e-child\" data-id=\"591ce764\" data-element_type=\"container\" data-settings=\"{&quot;background_background&quot;:&quot;classic&quot;}\">\n\t\t\t\t<div class=\"elementor-element elementor-element-60dc2572 ekit-equal-height-disable elementor-widget elementor-widget-elementskit-icon-box\" data-id=\"60dc2572\" data-element_type=\"widget\" data-widget_type=\"elementskit-icon-box.default\">\n\t\t\t\t\t<div class=\"ekit-wid-con\" >        <!-- link opening -->\n                <a href=\"#\" class=\"ekit_global_links\">\n                <!-- end link opening -->\n\n        <div class=\"elementskit-infobox text-center text- icon-top-align elementor-animation-   \">\n                    <div class=\"elementskit-box-header elementor-animation-\">\n                <div class=\"elementskit-info-box-icon  \">\n                    <i aria-hidden=\"true\" class=\"elementkit-infobox-icon icon icon-placeholder2\"><\/i>\n                <\/div>\n          <\/div>\n                        <div class=\"box-body\">\n                            <h3 class=\"elementskit-info-box-title\">\n                    Sk\u0105d wysy\u0142amy produkty?                <\/h3>\n                                            <\/div>\n        \n        \n                <\/div>\n                <\/a>\n        <\/div>\t\t\t\t<\/div>\n\t\t\t\t<div class=\"elementor-element elementor-element-21906d2a elementor-view-default elementor-widget elementor-widget-icon\" data-id=\"21906d2a\" data-element_type=\"widget\" data-widget_type=\"icon.default\">\n\t\t\t\t\t\t\t<div class=\"elementor-icon-wrapper\">\n\t\t\t<div class=\"elementor-icon\">\n\t\t\t<i aria-hidden=\"true\" class=\"icon icon-minus\"><\/i>\t\t\t<\/div>\n\t\t<\/div>\n\t\t\t\t\t\t<\/div>\n\t\t\t\t<div class=\"elementor-element elementor-element-651bcaa3 elementor-widget elementor-widget-elementskit-heading\" data-id=\"651bcaa3\" data-element_type=\"widget\" data-widget_type=\"elementskit-heading.default\">\n\t\t\t\t\t<div class=\"ekit-wid-con\" ><div class=\"ekit-heading elementskit-section-title-wraper text_center   ekit_heading_tablet-   ekit_heading_mobile-\"><h3 class=\"elementskit-section-subtitle  \">\n\t\t\t\t\t\tZak\u0142ad Produkcyjny Travmer\n\t\t\t\t\t<\/h3><a href=\"https:\/\/maps.app.goo.gl\/wgynnKwM6tYj6XWG8\"><h2 class=\"ekit-heading--title elementskit-section-title \">43-607 Jaworzno, ul. Abstorskich 89<\/h2><\/a><\/div><\/div>\t\t\t\t<\/div>\n\t\t\t\t<\/div>\n\t\t\t\t<div class=\"elementor-element elementor-element-47db81a elementor-widget elementor-widget-google_maps\" data-id=\"47db81a\" data-element_type=\"widget\" data-widget_type=\"google_maps.default\">\n\t\t\t\t\t\t\t<div class=\"elementor-custom-embed\">\n\t\t\t<iframe loading=\"lazy\"\n\t\t\t\t\tsrc=\"https:\/\/maps.google.com\/maps?q=Abstorskich%2089%2C%20Jaworzno&#038;t=m&#038;z=10&#038;output=embed&#038;iwloc=near\"\n\t\t\t\t\ttitle=\"Abstorskich 89, Jaworzno\"\n\t\t\t\t\taria-label=\"Abstorskich 89, Jaworzno\"\n\t\t\t><\/iframe>\n\t\t<\/div>\n\t\t\t\t\t\t<\/div>\n\t\t<div class=\"elementor-element elementor-element-23385c8 e-con-full e-flex e-con e-child\" data-id=\"23385c8\" data-element_type=\"container\" data-settings=\"{&quot;background_background&quot;:&quot;classic&quot;}\">\n\t\t\t\t<div class=\"elementor-element elementor-element-2593391 ekit-equal-height-disable elementor-widget elementor-widget-elementskit-icon-box\" data-id=\"2593391\" data-element_type=\"widget\" data-widget_type=\"elementskit-icon-box.default\">\n\t\t\t\t\t<div class=\"ekit-wid-con\" >        <!-- link opening -->\n                <a href=\"#\" class=\"ekit_global_links\">\n                <!-- end link opening -->\n\n        <div class=\"elementskit-infobox text-center text- icon-top-align elementor-animation-   \">\n                    <div class=\"elementskit-box-header elementor-animation-\">\n                <div class=\"elementskit-info-box-icon  \">\n                    <i aria-hidden=\"true\" class=\"elementkit-infobox-icon icon icon-placeholder2\"><\/i>\n                <\/div>\n          <\/div>\n                        <div class=\"box-body\">\n                            <h3 class=\"elementskit-info-box-title\">\n                    Gdzie dostarczamy produkty?                <\/h3>\n                                            <\/div>\n        \n        \n                <\/div>\n                <\/a>\n        <\/div>\t\t\t\t<\/div>\n\t\t\t\t<div class=\"elementor-element elementor-element-6ea1e8d elementor-view-default elementor-widget elementor-widget-icon\" data-id=\"6ea1e8d\" data-element_type=\"widget\" data-widget_type=\"icon.default\">\n\t\t\t\t\t\t\t<div class=\"elementor-icon-wrapper\">\n\t\t\t<div class=\"elementor-icon\">\n\t\t\t<i aria-hidden=\"true\" class=\"icon icon-minus\"><\/i>\t\t\t<\/div>\n\t\t<\/div>\n\t\t\t\t\t\t<\/div>\n\t\t\t\t<div class=\"elementor-element elementor-element-a14a13d elementor-widget elementor-widget-elementskit-heading\" data-id=\"a14a13d\" data-element_type=\"widget\" data-widget_type=\"elementskit-heading.default\">\n\t\t\t\t\t<div class=\"ekit-wid-con\" ><div class=\"ekit-heading elementskit-section-title-wraper text_center   ekit_heading_tablet-   ekit_heading_mobile-\"><h2 class=\"ekit-heading--title elementskit-section-title \">Worki o niezawodnej jako\u015bci i \u015bwietnych parametrach dostarczamy na terenie ca\u0142ej Polski!<\/h2><\/div><\/div>\t\t\t\t<\/div>\n\t\t\t\t<\/div>\n\t\t\t\t\t<\/div>\n\t\t\t\t<\/div>\n\t\t<div class=\"elementor-element elementor-element-2d6f2d3 e-flex e-con-boxed e-con e-parent\" data-id=\"2d6f2d3\" data-element_type=\"container\">\n\t\t\t\t\t<div class=\"e-con-inner\">\n\t\t<div class=\"elementor-element elementor-element-02cd43b e-con-full e-flex e-con e-child\" data-id=\"02cd43b\" data-element_type=\"container\">\n\t\t\t\t<div class=\"elementor-element elementor-element-cebecc6 elementor-widget elementor-widget-image\" data-id=\"cebecc6\" data-element_type=\"widget\" data-widget_type=\"image.default\">\n\t\t\t\t\t\t\t\t\t\t\t\t\t\t\t<img decoding=\"async\" width=\"768\" height=\"1024\" src=\"https:\/\/travmer.pl\/wp-content\/uploads\/2025\/08\/20250813_102322-768x1024.jpg\" class=\"attachment-large size-large wp-image-81\" alt=\"\" srcset=\"https:\/\/travmer.pl\/wp-content\/uploads\/2025\/08\/20250813_102322-768x1024.jpg 768w, https:\/\/travmer.pl\/wp-content\/uploads\/2025\/08\/20250813_102322-225x300.jpg 225w, https:\/\/travmer.pl\/wp-content\/uploads\/2025\/08\/20250813_102322-1152x1536.jpg 1152w, https:\/\/travmer.pl\/wp-content\/uploads\/2025\/08\/20250813_102322-1536x2048.jpg 1536w, https:\/\/travmer.pl\/wp-content\/uploads\/2025\/08\/20250813_102322-scaled.jpg 1920w\" sizes=\"(max-width: 768px) 100vw, 768px\" \/>\t\t\t\t\t\t\t\t\t\t\t\t\t\t\t<\/div>\n\t\t\t\t<\/div>\n\t\t<div class=\"elementor-element elementor-element-862eaf5 e-con-full e-flex e-con e-child\" data-id=\"862eaf5\" data-element_type=\"container\">\n\t\t\t\t<div class=\"elementor-element elementor-element-3db1777 elementor-widget elementor-widget-image\" data-id=\"3db1777\" data-element_type=\"widget\" data-widget_type=\"image.default\">\n\t\t\t\t\t\t\t\t\t\t\t\t\t\t\t<img decoding=\"async\" width=\"768\" height=\"1024\" src=\"https:\/\/travmer.pl\/wp-content\/uploads\/2025\/08\/20250813_103554-768x1024.jpg\" class=\"attachment-large size-large wp-image-84\" alt=\"\" srcset=\"https:\/\/travmer.pl\/wp-content\/uploads\/2025\/08\/20250813_103554-768x1024.jpg 768w, https:\/\/travmer.pl\/wp-content\/uploads\/2025\/08\/20250813_103554-225x300.jpg 225w, https:\/\/travmer.pl\/wp-content\/uploads\/2025\/08\/20250813_103554-1152x1536.jpg 1152w, https:\/\/travmer.pl\/wp-content\/uploads\/2025\/08\/20250813_103554-1536x2048.jpg 1536w, https:\/\/travmer.pl\/wp-content\/uploads\/2025\/08\/20250813_103554-scaled.jpg 1920w\" sizes=\"(max-width: 768px) 100vw, 768px\" \/>\t\t\t\t\t\t\t\t\t\t\t\t\t\t\t<\/div>\n\t\t\t\t<\/div>\n\t\t<div class=\"elementor-element elementor-element-07d59b0 e-con-full e-flex e-con e-child\" data-id=\"07d59b0\" data-element_type=\"container\">\n\t\t\t\t<div class=\"elementor-element elementor-element-fb9af6c elementor-widget elementor-widget-image\" data-id=\"fb9af6c\" data-element_type=\"widget\" data-widget_type=\"image.default\">\n\t\t\t\t\t\t\t\t\t\t\t\t\t\t\t<img loading=\"lazy\" decoding=\"async\" width=\"768\" height=\"1024\" src=\"https:\/\/travmer.pl\/wp-content\/uploads\/2025\/08\/20250813_103400-1-768x1024.jpg\" class=\"attachment-large size-large wp-image-83\" alt=\"\" srcset=\"https:\/\/travmer.pl\/wp-content\/uploads\/2025\/08\/20250813_103400-1-768x1024.jpg 768w, https:\/\/travmer.pl\/wp-content\/uploads\/2025\/08\/20250813_103400-1-225x300.jpg 225w, https:\/\/travmer.pl\/wp-content\/uploads\/2025\/08\/20250813_103400-1-1152x1536.jpg 1152w, https:\/\/travmer.pl\/wp-content\/uploads\/2025\/08\/20250813_103400-1-1536x2048.jpg 1536w, https:\/\/travmer.pl\/wp-content\/uploads\/2025\/08\/20250813_103400-1-scaled.jpg 1920w\" sizes=\"(max-width: 768px) 100vw, 768px\" \/>\t\t\t\t\t\t\t\t\t\t\t\t\t\t\t<\/div>\n\t\t\t\t<\/div>\n\t\t<div class=\"elementor-element elementor-element-9fc68e3 e-con-full e-flex e-con e-child\" data-id=\"9fc68e3\" data-element_type=\"container\">\n\t\t\t\t<div class=\"elementor-element elementor-element-af93095 elementor-widget elementor-widget-image\" data-id=\"af93095\" data-element_type=\"widget\" data-widget_type=\"image.default\">\n\t\t\t\t\t\t\t\t\t\t\t\t\t\t\t<img loading=\"lazy\" decoding=\"async\" width=\"768\" height=\"1024\" src=\"https:\/\/travmer.pl\/wp-content\/uploads\/2025\/08\/20250813_101853-768x1024.jpg\" class=\"attachment-large size-large wp-image-80\" alt=\"\" srcset=\"https:\/\/travmer.pl\/wp-content\/uploads\/2025\/08\/20250813_101853-768x1024.jpg 768w, https:\/\/travmer.pl\/wp-content\/uploads\/2025\/08\/20250813_101853-225x300.jpg 225w, https:\/\/travmer.pl\/wp-content\/uploads\/2025\/08\/20250813_101853-1152x1536.jpg 1152w, https:\/\/travmer.pl\/wp-content\/uploads\/2025\/08\/20250813_101853-1536x2048.jpg 1536w, https:\/\/travmer.pl\/wp-content\/uploads\/2025\/08\/20250813_101853-scaled.jpg 1920w\" sizes=\"(max-width: 768px) 100vw, 768px\" \/>\t\t\t\t\t\t\t\t\t\t\t\t\t\t\t<\/div>\n\t\t\t\t<\/div>\n\t\t\t\t\t<\/div>\n\t\t\t\t<\/div>\n\t\t<div class=\"elementor-element elementor-element-b2a9521 e-flex e-con-boxed e-con e-parent\" data-id=\"b2a9521\" data-element_type=\"container\" data-settings=\"{&quot;background_background&quot;:&quot;slideshow&quot;,&quot;background_slideshow_gallery&quot;:[{&quot;id&quot;:15,&quot;url&quot;:&quot;https:\\\/\\\/travmer.pl\\\/wp-content\\\/uploads\\\/2025\\\/07\\\/Messenger_creation_316231054532341-scaled.jpeg&quot;}],&quot;background_slideshow_loop&quot;:&quot;yes&quot;,&quot;background_slideshow_slide_duration&quot;:5000,&quot;background_slideshow_slide_transition&quot;:&quot;fade&quot;,&quot;background_slideshow_transition_duration&quot;:500}\">\n\t\t\t\t\t<div class=\"e-con-inner\">\n\t\t\t\t\t<\/div>\n\t\t\t\t<\/div>\n\t\t\t\t<\/div>\n\t\t","protected":false},"excerpt":{"rendered":"<p>ZAPRASZAMY DO KONTAKTU Ch\u0119tnie odpowiemy na wszystkie pytania. NAPISZ DO NAS biuro@travmer.pl ZADZWO\u0143 +48 500 550 245 +48 604 335 668 Sk\u0105d wysy\u0142amy produkty? Zak\u0142ad Produkcyjny Travmer 43-607 Jaworzno, ul. Abstorskich 89 Gdzie dostarczamy produkty? Worki o niezawodnej jako\u015bci i \u015bwietnych parametrach dostarczamy na terenie ca\u0142ej Polski!<\/p>\n","protected":false},"author":1,"featured_media":0,"parent":0,"menu_order":0,"comment_status":"closed","ping_status":"closed","template":"","meta":{"_monsterinsights_skip_tracking":false,"_monsterinsights_sitenote_active":false,"_monsterinsights_sitenote_note":"","_monsterinsights_sitenote_category":0,"footnotes":""},"class_list":["post-38","page","type-page","status-publish","hentry"],"yoast_head":"<!-- This site is optimized with the Yoast SEO plugin v25.5 - https:\/\/yoast.com\/wordpress\/plugins\/seo\/ -->\n<title>TRAVMER -<\/title>\n<meta name=\"description\" content=\"Producent work\u00f3w LDPE na odpady. Trwa\u0142e, ekologiczne rozwi\u0105zania dla firm i instytucji. Wysoka jako\u015b\u0107 i konkurencyjne ceny work\u00f3w na \u015bmieci.\" \/>\n<meta name=\"robots\" content=\"index, follow, max-snippet:-1, max-image-preview:large, max-video-preview:-1\" \/>\n<link rel=\"canonical\" href=\"https:\/\/travmer.pl\/\" \/>\n<meta property=\"og:locale\" content=\"en_US\" \/>\n<meta property=\"og:type\" content=\"article\" \/>\n<meta property=\"og:title\" content=\"TRAVMER -\" \/>\n<meta property=\"og:description\" content=\"Producent work\u00f3w LDPE na odpady. Trwa\u0142e, ekologiczne rozwi\u0105zania dla firm i instytucji. Wysoka jako\u015b\u0107 i konkurencyjne ceny work\u00f3w na \u015bmieci.\" \/>\n<meta property=\"og:url\" content=\"https:\/\/travmer.pl\/\" \/>\n<meta property=\"article:modified_time\" content=\"2025-10-02T08:06:56+00:00\" \/>\n<meta property=\"og:image\" content=\"https:\/\/travmer.pl\/wp-content\/uploads\/2025\/10\/TM-baner-FB-5.jpg\" \/>\n\t<meta property=\"og:image:width\" content=\"2268\" \/>\n\t<meta property=\"og:image:height\" content=\"886\" \/>\n\t<meta property=\"og:image:type\" content=\"image\/jpeg\" \/>\n<meta name=\"twitter:card\" content=\"summary_large_image\" \/>\n<meta name=\"twitter:label1\" content=\"Est. reading time\" \/>\n\t<meta name=\"twitter:data1\" content=\"1 minute\" \/>\n<script type=\"application\/ld+json\" class=\"yoast-schema-graph\">{\"@context\":\"https:\/\/schema.org\",\"@graph\":[{\"@type\":[\"WebPage\",\"ContactPage\"],\"@id\":\"https:\/\/travmer.pl\/\",\"url\":\"https:\/\/travmer.pl\/\",\"name\":\"TRAVMER -\",\"isPartOf\":{\"@id\":\"https:\/\/travmer.pl\/#website\"},\"primaryImageOfPage\":{\"@id\":\"https:\/\/travmer.pl\/#primaryimage\"},\"image\":{\"@id\":\"https:\/\/travmer.pl\/#primaryimage\"},\"thumbnailUrl\":\"https:\/\/travmer.pl\/wp-content\/uploads\/2025\/10\/TM-baner-FB-5.jpg\",\"datePublished\":\"2025-07-16T14:32:40+00:00\",\"dateModified\":\"2025-10-02T08:06:56+00:00\",\"description\":\"Producent work\u00f3w LDPE na odpady. Trwa\u0142e, ekologiczne rozwi\u0105zania dla firm i instytucji. Wysoka jako\u015b\u0107 i konkurencyjne ceny work\u00f3w na \u015bmieci.\",\"breadcrumb\":{\"@id\":\"https:\/\/travmer.pl\/#breadcrumb\"},\"inLanguage\":\"en-US\",\"potentialAction\":[{\"@type\":\"ReadAction\",\"target\":[\"https:\/\/travmer.pl\/\"]}]},{\"@type\":\"ImageObject\",\"inLanguage\":\"en-US\",\"@id\":\"https:\/\/travmer.pl\/#primaryimage\",\"url\":\"https:\/\/travmer.pl\/wp-content\/uploads\/2025\/10\/TM-baner-FB-5.jpg\",\"contentUrl\":\"https:\/\/travmer.pl\/wp-content\/uploads\/2025\/10\/TM-baner-FB-5.jpg\",\"width\":2268,\"height\":886},{\"@type\":\"BreadcrumbList\",\"@id\":\"https:\/\/travmer.pl\/#breadcrumb\",\"itemListElement\":[{\"@type\":\"ListItem\",\"position\":1,\"name\":\"Strona g\u0142\u00f3wna\",\"item\":\"https:\/\/travmer.pl\/\"},{\"@type\":\"ListItem\",\"position\":2,\"name\":\"TRAVMER\"}]},{\"@type\":\"WebSite\",\"@id\":\"https:\/\/travmer.pl\/#website\",\"url\":\"https:\/\/travmer.pl\/\",\"name\":\"\",\"description\":\"\",\"potentialAction\":[{\"@type\":\"SearchAction\",\"target\":{\"@type\":\"EntryPoint\",\"urlTemplate\":\"https:\/\/travmer.pl\/?s={search_term_string}\"},\"query-input\":{\"@type\":\"PropertyValueSpecification\",\"valueRequired\":true,\"valueName\":\"search_term_string\"}}],\"inLanguage\":\"en-US\"}]}<\/script>\n<!-- \/ Yoast SEO plugin. -->","yoast_head_json":{"title":"TRAVMER -","description":"Producent work\u00f3w LDPE na odpady. Trwa\u0142e, ekologiczne rozwi\u0105zania dla firm i instytucji. Wysoka jako\u015b\u0107 i konkurencyjne ceny work\u00f3w na \u015bmieci.","robots":{"index":"index","follow":"follow","max-snippet":"max-snippet:-1","max-image-preview":"max-image-preview:large","max-video-preview":"max-video-preview:-1"},"canonical":"https:\/\/travmer.pl\/","og_locale":"en_US","og_type":"article","og_title":"TRAVMER -","og_description":"Producent work\u00f3w LDPE na odpady. Trwa\u0142e, ekologiczne rozwi\u0105zania dla firm i instytucji. Wysoka jako\u015b\u0107 i konkurencyjne ceny work\u00f3w na \u015bmieci.","og_url":"https:\/\/travmer.pl\/","article_modified_time":"2025-10-02T08:06:56+00:00","og_image":[{"width":2268,"height":886,"url":"https:\/\/travmer.pl\/wp-content\/uploads\/2025\/10\/TM-baner-FB-5.jpg","type":"image\/jpeg"}],"twitter_card":"summary_large_image","twitter_misc":{"Est. reading time":"1 minute"},"schema":{"@context":"https:\/\/schema.org","@graph":[{"@type":["WebPage","ContactPage"],"@id":"https:\/\/travmer.pl\/","url":"https:\/\/travmer.pl\/","name":"TRAVMER -","isPartOf":{"@id":"https:\/\/travmer.pl\/#website"},"primaryImageOfPage":{"@id":"https:\/\/travmer.pl\/#primaryimage"},"image":{"@id":"https:\/\/travmer.pl\/#primaryimage"},"thumbnailUrl":"https:\/\/travmer.pl\/wp-content\/uploads\/2025\/10\/TM-baner-FB-5.jpg","datePublished":"2025-07-16T14:32:40+00:00","dateModified":"2025-10-02T08:06:56+00:00","description":"Producent work\u00f3w LDPE na odpady. Trwa\u0142e, ekologiczne rozwi\u0105zania dla firm i instytucji. Wysoka jako\u015b\u0107 i konkurencyjne ceny work\u00f3w na \u015bmieci.","breadcrumb":{"@id":"https:\/\/travmer.pl\/#breadcrumb"},"inLanguage":"en-US","potentialAction":[{"@type":"ReadAction","target":["https:\/\/travmer.pl\/"]}]},{"@type":"ImageObject","inLanguage":"en-US","@id":"https:\/\/travmer.pl\/#primaryimage","url":"https:\/\/travmer.pl\/wp-content\/uploads\/2025\/10\/TM-baner-FB-5.jpg","contentUrl":"https:\/\/travmer.pl\/wp-content\/uploads\/2025\/10\/TM-baner-FB-5.jpg","width":2268,"height":886},{"@type":"BreadcrumbList","@id":"https:\/\/travmer.pl\/#breadcrumb","itemListElement":[{"@type":"ListItem","position":1,"name":"Strona g\u0142\u00f3wna","item":"https:\/\/travmer.pl\/"},{"@type":"ListItem","position":2,"name":"TRAVMER"}]},{"@type":"WebSite","@id":"https:\/\/travmer.pl\/#website","url":"https:\/\/travmer.pl\/","name":"","description":"","potentialAction":[{"@type":"SearchAction","target":{"@type":"EntryPoint","urlTemplate":"https:\/\/travmer.pl\/?s={search_term_string}"},"query-input":{"@type":"PropertyValueSpecification","valueRequired":true,"valueName":"search_term_string"}}],"inLanguage":"en-US"}]}},"_links":{"self":[{"href":"https:\/\/travmer.pl\/index.php?rest_route=\/wp\/v2\/pages\/38","targetHints":{"allow":["GET"]}}],"collection":[{"href":"https:\/\/travmer.pl\/index.php?rest_route=\/wp\/v2\/pages"}],"about":[{"href":"https:\/\/travmer.pl\/index.php?rest_route=\/wp\/v2\/types\/page"}],"author":[{"embeddable":true,"href":"https:\/\/travmer.pl\/index.php?rest_route=\/wp\/v2\/users\/1"}],"replies":[{"embeddable":true,"href":"https:\/\/travmer.pl\/index.php?rest_route=%2Fwp%2Fv2%2Fcomments&post=38"}],"version-history":[{"count":32,"href":"https:\/\/travmer.pl\/index.php?rest_route=\/wp\/v2\/pages\/38\/revisions"}],"predecessor-version":[{"id":98,"href":"https:\/\/travmer.pl\/index.php?rest_route=\/wp\/v2\/pages\/38\/revisions\/98"}],"wp:attachment":[{"href":"https:\/\/travmer.pl\/index.php?rest_route=%2Fwp%2Fv2%2Fmedia&parent=38"}],"curies":[{"name":"wp","href":"https:\/\/api.w.org\/{rel}","templated":true}]}}